{"id":3006,"date":"2021-10-12T01:07:13","date_gmt":"2021-10-12T00:07:13","guid":{"rendered":"https:\/\/clapcatourne.fr\/?page_id=3006"},"modified":"2026-04-08T07:43:42","modified_gmt":"2026-04-08T06:43:42","slug":"guide-comment-faire-un-film","status":"publish","type":"page","link":"https:\/\/clapcatourne.fr\/en\/guide-comment-faire-un-film\/","title":{"rendered":"Guide: How to Make a Movie, by CLAP! \u00c7a Tourne!"},"content":{"rendered":"<p>Here is a <em>small<\/em> guide to help you make your film. Whether it\u2019s a documentary, a web documentary, a feature film, a short film, a fiction film, a web series\u2026<\/p>\n\n\n\n<figure class=\"wp-block-image size-full wp-duotone-rgb000-rgb2004646-1\"><a href=\"https:\/\/clapcatourne.fr\/wp-content\/uploads\/2021\/10\/pexels-photo-274937.jpeg\"><img loading=\"lazy\" decoding=\"async\" width=\"1880\" height=\"1058\" data-attachment-id=\"3007\" data-permalink=\"https:\/\/clapcatourne.fr\/en\/guide-comment-faire-un-film\/pexels-photo-274937\/\" data-orig-file=\"https:\/\/clapcatourne.fr\/wp-content\/uploads\/2021\/10\/pexels-photo-274937.jpeg\" data-orig-size=\"1880,1058\" data-comments-opened=\"1\" data-image-meta=\"{&quot;aperture&quot;:&quot;0&quot;,&quot;credit&quot;:&quot;&quot;,&quot;camera&quot;:&quot;&quot;,&quot;caption&quot;:&quot;Photo by Pixabay on &lt;a href=\\&quot;https:\/\/www.pexels.com\/photo\/board-cinema-cinematography-clapper-board-274937\/\\&quot; rel=\\&quot;nofollow\\&quot;&gt;Pexels.com&lt;\/a&gt;&quot;,&quot;created_timestamp&quot;:&quot;0&quot;,&quot;copyright&quot;:&quot;&quot;,&quot;focal_length&quot;:&quot;0&quot;,&quot;iso&quot;:&quot;0&quot;,&quot;shutter_speed&quot;:&quot;0&quot;,&quot;title&quot;:&quot;board cinema cinematography clapper board&quot;,&quot;orientation&quot;:&quot;0&quot;}\" data-image-title=\"pexels-photo-274937\" data-image-description=\"\" data-image-caption=\"&lt;p&gt;Photo by Pixabay on &lt;a href=&quot;https:\/\/www.pexels.com\/photo\/board-cinema-cinematography-clapper-board-274937\/&quot; rel=&quot;nofollow&quot;&gt;Pexels.com&lt;\/a&gt;&lt;\/p&gt;\" data-medium-file=\"https:\/\/clapcatourne.fr\/wp-content\/uploads\/2021\/10\/pexels-photo-274937-300x169.jpeg\" data-large-file=\"https:\/\/clapcatourne.fr\/wp-content\/uploads\/2021\/10\/pexels-photo-274937-1024x576.jpeg\" src=\"https:\/\/clapcatourne.fr\/wp-content\/uploads\/2021\/10\/pexels-photo-274937.jpeg\" alt=\"board cinema cinematography clapper board\" class=\"wp-image-3007\" srcset=\"https:\/\/clapcatourne.fr\/wp-content\/uploads\/2021\/10\/pexels-photo-274937.jpeg 1880w, https:\/\/clapcatourne.fr\/wp-content\/uploads\/2021\/10\/pexels-photo-274937-300x169.jpeg 300w, https:\/\/clapcatourne.fr\/wp-content\/uploads\/2021\/10\/pexels-photo-274937-1024x576.jpeg 1024w, https:\/\/clapcatourne.fr\/wp-content\/uploads\/2021\/10\/pexels-photo-274937-768x432.jpeg 768w, https:\/\/clapcatourne.fr\/wp-content\/uploads\/2021\/10\/pexels-photo-274937-1536x864.jpeg 1536w, https:\/\/clapcatourne.fr\/wp-content\/uploads\/2021\/10\/pexels-photo-274937-1110x624.jpeg 1110w, https:\/\/clapcatourne.fr\/wp-content\/uploads\/2021\/10\/pexels-photo-274937-528x297.jpeg 528w\" sizes=\"auto, (max-width: 1880px) 100vw, 1880px\" \/><\/a><figcaption class=\"wp-element-caption\">Photo by Pixabay on <a href=\"https:\/\/www.pexels.com\/photo\/board-cinema-cinematography-clapper-board-274937\/\" rel=\"nofollow\">Pexels.com<\/a><\/figcaption><\/figure>\n\n\n\n<p>Here you\u2019ll find all the articles that can help you make your film. If you have limited resources, little equipment, and few contacts, but plenty of enthusiasm and energy to spare\u2026<\/p>\n\n\n\n<p><br>So, here\u2019s a method we use in our production process that might be useful to you.<\/p>\n\n\n\n<p>The worst part is that it\u2019s completely free. No credit card to register, no bank details, no checks\u2014nothing, nada, zilch. It\u2019s on the house.<\/p>\n\n\n\t<div class=\"wp-block-jetpack-gif aligncenter\">\n\t\t<figure>\n\t\t\t\t\t\t\t<div class=\"wp-block-jetpack-gif-wrapper\" style=\"padding-top:76%\">\n\t\t\t\t\t<iframe src=\"https:\/\/giphy.com\/embed\/Fkmgse8OMKn9C\" title=\"amazing\"><\/iframe>\n\t\t\t\t<\/div>\n\t\t\t\t\t\t\t\t\t\t<figcaption class=\"wp-block-jetpack-gif-caption gallery-caption\">Unbelievable!<\/figcaption>\n\t\t\t\t\t<\/figure>\n\t<\/div>\n\t\n\n\n<p>Of course, if you\u2019d like to make a small donation, we\u2019d be happy to accept it, because times are tough.<\/p>\n\n\n\n<h2 class=\"wp-block-heading\">Our guide to making your own movie!<\/h2>\n\n\n\n<p>Still in the process of being written, still being refined. We\u2019d still like to give you a brief preview of the topics we\u2019ll be covering in our <em>Guide to Making a Movie<\/em>.<\/p>\n\n\n\n<p>This guide was based on a masterclass given at a film festival in 2014 and is updated regularly.<\/p>\n\n\n\n<ol class=\"wp-block-list\">\n<li class=\"has-contrast-color has-text-color has-link-color wp-elements-b0efebb6422dbfa36f540e3fcb6886bf\"><a href=\"https:\/\/clapcatourne.fr\/en\/comment-faire-un-film-sans-budget\/\" target=\"_blank\" rel=\"noreferrer noopener\">How do you make a movie on a budget?<\/a> <\/li>\n\n\n\n<li class=\"has-link-color wp-elements-0b272ae8a463f821a63e9b1068f54738\"><a href=\"https:\/\/clapcatourne.fr\/en\/comment-ecrire-un-scenario\/\" target=\"_blank\" rel=\"noreferrer noopener\">How do you write a screenplay?<\/a><\/li>\n\n\n\n<li class=\"has-link-color wp-elements-44a0d389508ad5dc17853e011a73b36a\"><a href=\"https:\/\/clapcatourne.fr\/en\/depouiller-son-scenario-et-preparer-son-tournage\/\" target=\"_blank\" rel=\"noreferrer noopener\">Breaking down the script and preparing for filming<\/a>.<\/li>\n\n\n\n<li class=\"has-link-color wp-elements-7b49af17339902c5793b703a37c55d4d\"><a href=\"https:\/\/clapcatourne.fr\/en\/ou-trouver-des-lieux-des-decors-et-surtout-comment\/\" target=\"_blank\" rel=\"noreferrer noopener\">Where can you find locations and sets\u2014and, more importantly, how?<\/a><\/li>\n\n\n\n<li class=\"has-link-color wp-elements-fa0538ab4e0f056875299518e8edfd3b\"><a href=\"https:\/\/clapcatourne.fr\/en\/ou-trouver-des-acteurs--son-equipe--comment-les-diriger\/\" target=\"_blank\" rel=\"noreferrer noopener\">Where can I find actors? What about the crew? How do I direct them?<\/a><\/li>\n\n\n\n<li class=\"has-link-color wp-elements-ca8a288e126a9fd0f67c17035e40851b\"><a href=\"https:\/\/clapcatourne.fr\/en\/le-tournage\/\" target=\"_blank\" rel=\"noreferrer noopener\">It's... FILMING TIME!<\/a><\/li>\n\n\n\n<li class=\"has-link-color wp-elements-c84ddd1da3770cf358d2390fc63ad0f5\"><a href=\"https:\/\/clapcatourne.fr\/en\/montage-image-derushage-ours-rough-premieres-versions\/\" target=\"_blank\" rel=\"noreferrer noopener\">Video editing: rough cut, credits, first drafts\u2026<\/a><\/li>\n\n\n\n<li class=\"has-link-color wp-elements-d03a0f9e0e5c472d74594e796ed45143\"><a href=\"https:\/\/clapcatourne.fr\/en\/montage-son-mixage-sans-budget\/\" target=\"_blank\" rel=\"noreferrer noopener\">Audio editing: mixing, synchronization, enhancement\u2014all on a shoestring budget.<\/a><\/li>\n\n\n\n<li class=\"has-link-color wp-elements-451232d37ba47f6950c94e08578b1b26\"><a href=\"https:\/\/clapcatourne.fr\/en\/etalonnage-et-effets-speciaux\/\" target=\"_blank\" rel=\"noreferrer noopener\">Color Grading and Special Effects<\/a>.<\/li>\n\n\n\n<li class=\"has-link-color wp-elements-e131f6db0831f389a1d21ca5ed756490\"><a href=\"https:\/\/clapcatourne.fr\/en\/diffusion-distribution-promotion\/\" target=\"_blank\" rel=\"noreferrer noopener\">Broadcasting, distribution, promotion.<\/a><\/li>\n<\/ol>\n\n\n\n<p>Additional articles may be added to this guide, including those that explain how to create a series bible. More detailed, specialized, and technical articles may also be included.<\/p>\n\n\n\n<p><\/p>\n\n\n\n<p><\/p>","protected":false},"excerpt":{"rendered":"<p>Nous vous proposons ici un petit guide pour vous aider \u00e0 faire votre film. Qu&#8217;il s&#8217;agisse d&#8217;un documentaire, d&#8217;un webdocumentaire, d&#8217;un long-m\u00e9trage, d&#8217;un court-m\u00e9trage, d&#8217;une fiction, d&#8217;une webs\u00e9rie\u2026 Vous retrouverez, ici, l&#8217;ensemble des articles qui pourront vous aider \u00e0 faire votre film. Si vous avez peu de moyens, peu de mat\u00e9riel, peu de contacts, mais [&hellip;]<\/p>\n","protected":false},"author":2,"featured_media":0,"parent":0,"menu_order":0,"comment_status":"closed","ping_status":"closed","template":"","meta":{"jetpack_post_was_ever_published":true,"footnotes":""},"class_list":["post-3006","page","type-page","status-publish","hentry"],"yoast_head":"<!-- This site is optimized with the Yoast SEO plugin v27.1.1 - https:\/\/yoast.com\/product\/yoast-seo-wordpress\/ -->\n<title>Guide : Comment faire un film, par CLAP ! \u00c7a Tourne !<\/title>\n<meta name=\"description\" content=\"Vous souhaitez faire un film ? Vous ne savez pas par o\u00f9 commencer ? On vous propose notre guide que nous employons sur nos productions.\" \/>\n<meta name=\"robots\" content=\"index, follow, max-snippet:-1, max-image-preview:large, max-video-preview:-1\" \/>\n<link rel=\"canonical\" href=\"https:\/\/clapcatourne.fr\/en\/guide-comment-faire-un-film\/\" \/>\n<meta property=\"og:locale\" content=\"en_US\" \/>\n<meta property=\"og:type\" content=\"article\" \/>\n<meta property=\"og:title\" content=\"Guide : Comment faire un film, par CLAP ! \u00c7a Tourne !\" \/>\n<meta property=\"og:description\" content=\"Vous souhaitez faire un film ? Vous ne savez pas par o\u00f9 commencer ? On vous propose notre guide que nous employons sur nos productions.\" \/>\n<meta property=\"og:url\" content=\"https:\/\/clapcatourne.fr\/en\/guide-comment-faire-un-film\/\" \/>\n<meta property=\"og:site_name\" content=\"CLAP ! \u00c7a Tourne !\" \/>\n<meta property=\"article:publisher\" content=\"https:\/\/www.facebook.com\/clapcatourne\" \/>\n<meta property=\"article:modified_time\" content=\"2026-04-08T06:43:42+00:00\" \/>\n<meta property=\"og:image\" content=\"https:\/\/clapcatourne.fr\/wp-content\/uploads\/2021\/10\/pexels-photo-274937.jpeg\" \/>\n\t<meta property=\"og:image:width\" content=\"1880\" \/>\n\t<meta property=\"og:image:height\" content=\"1058\" \/>\n\t<meta property=\"og:image:type\" content=\"image\/jpeg\" \/>\n<meta name=\"twitter:label1\" content=\"Est. reading time\" \/>\n\t<meta name=\"twitter:data1\" content=\"2 minutes\" \/>\n<script type=\"application\/ld+json\" class=\"yoast-schema-graph\">{\"@context\":\"https:\/\/schema.org\",\"@graph\":[{\"@type\":\"WebPage\",\"@id\":\"https:\/\/clapcatourne.fr\/guide-comment-faire-un-film\/\",\"url\":\"https:\/\/clapcatourne.fr\/guide-comment-faire-un-film\/\",\"name\":\"Guide : Comment faire un film, par CLAP ! \u00c7a Tourne !\",\"isPartOf\":{\"@id\":\"https:\/\/clapcatourne.fr\/#website\"},\"primaryImageOfPage\":{\"@id\":\"https:\/\/clapcatourne.fr\/guide-comment-faire-un-film\/#primaryimage\"},\"image\":{\"@id\":\"https:\/\/clapcatourne.fr\/guide-comment-faire-un-film\/#primaryimage\"},\"thumbnailUrl\":\"https:\/\/clapcatourne.fr\/wp-content\/uploads\/2021\/10\/pexels-photo-274937.jpeg\",\"datePublished\":\"2021-10-12T00:07:13+00:00\",\"dateModified\":\"2026-04-08T06:43:42+00:00\",\"description\":\"Vous souhaitez faire un film ? Vous ne savez pas par o\u00f9 commencer ? On vous propose notre guide que nous employons sur nos productions.\",\"breadcrumb\":{\"@id\":\"https:\/\/clapcatourne.fr\/guide-comment-faire-un-film\/#breadcrumb\"},\"inLanguage\":\"en-US\",\"potentialAction\":[{\"@type\":\"ReadAction\",\"target\":[\"https:\/\/clapcatourne.fr\/guide-comment-faire-un-film\/\"]}]},{\"@type\":\"ImageObject\",\"inLanguage\":\"en-US\",\"@id\":\"https:\/\/clapcatourne.fr\/guide-comment-faire-un-film\/#primaryimage\",\"url\":\"https:\/\/clapcatourne.fr\/wp-content\/uploads\/2021\/10\/pexels-photo-274937.jpeg\",\"contentUrl\":\"https:\/\/clapcatourne.fr\/wp-content\/uploads\/2021\/10\/pexels-photo-274937.jpeg\"},{\"@type\":\"BreadcrumbList\",\"@id\":\"https:\/\/clapcatourne.fr\/guide-comment-faire-un-film\/#breadcrumb\",\"itemListElement\":[{\"@type\":\"ListItem\",\"position\":1,\"name\":\"Accueil\",\"item\":\"https:\/\/clapcatourne.fr\/\"},{\"@type\":\"ListItem\",\"position\":2,\"name\":\"Guide : Comment faire un film, par CLAP ! \u00c7a Tourne !\"}]},{\"@type\":\"WebSite\",\"@id\":\"https:\/\/clapcatourne.fr\/#website\",\"url\":\"https:\/\/clapcatourne.fr\/\",\"name\":\"CLAP ! \u00c7a Tourne !\",\"description\":\"Association loi 1901 \u2014\u00a0Organisme Sans But Lucratif\",\"publisher\":{\"@id\":\"https:\/\/clapcatourne.fr\/#organization\"},\"potentialAction\":[{\"@type\":\"SearchAction\",\"target\":{\"@type\":\"EntryPoint\",\"urlTemplate\":\"https:\/\/clapcatourne.fr\/?s={search_term_string}\"},\"query-input\":{\"@type\":\"PropertyValueSpecification\",\"valueRequired\":true,\"valueName\":\"search_term_string\"}}],\"inLanguage\":\"en-US\"},{\"@type\":\"Organization\",\"@id\":\"https:\/\/clapcatourne.fr\/#organization\",\"name\":\"CLAP ! \u00c7a Tourne !\",\"url\":\"https:\/\/clapcatourne.fr\/\",\"logo\":{\"@type\":\"ImageObject\",\"inLanguage\":\"en-US\",\"@id\":\"https:\/\/clapcatourne.fr\/#\/schema\/logo\/image\/\",\"url\":\"https:\/\/i1.wp.com\/clapcatourne.fr\/wp-content\/uploads\/2021\/05\/FULL-INTRO-CCT-2K22_00429.png?fit=1920%2C1080&ssl=1\",\"contentUrl\":\"https:\/\/i1.wp.com\/clapcatourne.fr\/wp-content\/uploads\/2021\/05\/FULL-INTRO-CCT-2K22_00429.png?fit=1920%2C1080&ssl=1\",\"width\":1920,\"height\":1080,\"caption\":\"CLAP ! \u00c7a Tourne !\"},\"image\":{\"@id\":\"https:\/\/clapcatourne.fr\/#\/schema\/logo\/image\/\"},\"sameAs\":[\"https:\/\/www.facebook.com\/clapcatourne\",\"https:\/\/x.com\/clapcatourne\",\"https:\/\/www.instagram.com\/clap.catourne\/\"]}]}<\/script>\n<!-- \/ Yoast SEO plugin. -->","yoast_head_json":{"title":"Guide: How to Make a Movie, by CLAP! \u00c7a Tourne!","description":"Vous souhaitez faire un film ? Vous ne savez pas par o\u00f9 commencer ? On vous propose notre guide que nous employons sur nos productions.","robots":{"index":"index","follow":"follow","max-snippet":"max-snippet:-1","max-image-preview":"max-image-preview:large","max-video-preview":"max-video-preview:-1"},"canonical":"https:\/\/clapcatourne.fr\/en\/guide-comment-faire-un-film\/","og_locale":"en_US","og_type":"article","og_title":"Guide : Comment faire un film, par CLAP ! \u00c7a Tourne !","og_description":"Vous souhaitez faire un film ? Vous ne savez pas par o\u00f9 commencer ? On vous propose notre guide que nous employons sur nos productions.","og_url":"https:\/\/clapcatourne.fr\/en\/guide-comment-faire-un-film\/","og_site_name":"CLAP ! \u00c7a Tourne !","article_publisher":"https:\/\/www.facebook.com\/clapcatourne","article_modified_time":"2026-04-08T06:43:42+00:00","og_image":[{"width":1880,"height":1058,"url":"https:\/\/clapcatourne.fr\/wp-content\/uploads\/2021\/10\/pexels-photo-274937.jpeg","type":"image\/jpeg"}],"twitter_misc":{"Est. reading time":"2 minutes"},"schema":{"@context":"https:\/\/schema.org","@graph":[{"@type":"WebPage","@id":"https:\/\/clapcatourne.fr\/guide-comment-faire-un-film\/","url":"https:\/\/clapcatourne.fr\/guide-comment-faire-un-film\/","name":"Guide: How to Make a Movie, by CLAP! \u00c7a Tourne!","isPartOf":{"@id":"https:\/\/clapcatourne.fr\/#website"},"primaryImageOfPage":{"@id":"https:\/\/clapcatourne.fr\/guide-comment-faire-un-film\/#primaryimage"},"image":{"@id":"https:\/\/clapcatourne.fr\/guide-comment-faire-un-film\/#primaryimage"},"thumbnailUrl":"https:\/\/clapcatourne.fr\/wp-content\/uploads\/2021\/10\/pexels-photo-274937.jpeg","datePublished":"2021-10-12T00:07:13+00:00","dateModified":"2026-04-08T06:43:42+00:00","description":"Vous souhaitez faire un film ? Vous ne savez pas par o\u00f9 commencer ? On vous propose notre guide que nous employons sur nos productions.","breadcrumb":{"@id":"https:\/\/clapcatourne.fr\/guide-comment-faire-un-film\/#breadcrumb"},"inLanguage":"en-US","potentialAction":[{"@type":"ReadAction","target":["https:\/\/clapcatourne.fr\/guide-comment-faire-un-film\/"]}]},{"@type":"ImageObject","inLanguage":"en-US","@id":"https:\/\/clapcatourne.fr\/guide-comment-faire-un-film\/#primaryimage","url":"https:\/\/clapcatourne.fr\/wp-content\/uploads\/2021\/10\/pexels-photo-274937.jpeg","contentUrl":"https:\/\/clapcatourne.fr\/wp-content\/uploads\/2021\/10\/pexels-photo-274937.jpeg"},{"@type":"BreadcrumbList","@id":"https:\/\/clapcatourne.fr\/guide-comment-faire-un-film\/#breadcrumb","itemListElement":[{"@type":"ListItem","position":1,"name":"Accueil","item":"https:\/\/clapcatourne.fr\/"},{"@type":"ListItem","position":2,"name":"Guide : Comment faire un film, par CLAP ! \u00c7a Tourne !"}]},{"@type":"WebSite","@id":"https:\/\/clapcatourne.fr\/#website","url":"https:\/\/clapcatourne.fr\/","name":"CLAP ! \u00c7a Tourne !","description":"Non-Profit Organization Under the 1901 Law","publisher":{"@id":"https:\/\/clapcatourne.fr\/#organization"},"potentialAction":[{"@type":"SearchAction","target":{"@type":"EntryPoint","urlTemplate":"https:\/\/clapcatourne.fr\/?s={search_term_string}"},"query-input":{"@type":"PropertyValueSpecification","valueRequired":true,"valueName":"search_term_string"}}],"inLanguage":"en-US"},{"@type":"Organization","@id":"https:\/\/clapcatourne.fr\/#organization","name":"CLAP ! \u00c7a Tourne !","url":"https:\/\/clapcatourne.fr\/","logo":{"@type":"ImageObject","inLanguage":"en-US","@id":"https:\/\/clapcatourne.fr\/#\/schema\/logo\/image\/","url":"https:\/\/i1.wp.com\/clapcatourne.fr\/wp-content\/uploads\/2021\/05\/FULL-INTRO-CCT-2K22_00429.png?fit=1920%2C1080&ssl=1","contentUrl":"https:\/\/i1.wp.com\/clapcatourne.fr\/wp-content\/uploads\/2021\/05\/FULL-INTRO-CCT-2K22_00429.png?fit=1920%2C1080&ssl=1","width":1920,"height":1080,"caption":"CLAP ! \u00c7a Tourne !"},"image":{"@id":"https:\/\/clapcatourne.fr\/#\/schema\/logo\/image\/"},"sameAs":["https:\/\/www.facebook.com\/clapcatourne","https:\/\/x.com\/clapcatourne","https:\/\/www.instagram.com\/clap.catourne\/"]}]}},"jetpack_shortlink":"https:\/\/wp.me\/P5abLJ-Mu","jetpack_sharing_enabled":true,"_links":{"self":[{"href":"https:\/\/clapcatourne.fr\/en\/wp-json\/wp\/v2\/pages\/3006","targetHints":{"allow":["GET"]}}],"collection":[{"href":"https:\/\/clapcatourne.fr\/en\/wp-json\/wp\/v2\/pages"}],"about":[{"href":"https:\/\/clapcatourne.fr\/en\/wp-json\/wp\/v2\/types\/page"}],"author":[{"embeddable":true,"href":"https:\/\/clapcatourne.fr\/en\/wp-json\/wp\/v2\/users\/2"}],"replies":[{"embeddable":true,"href":"https:\/\/clapcatourne.fr\/en\/wp-json\/wp\/v2\/comments?post=3006"}],"version-history":[{"count":4,"href":"https:\/\/clapcatourne.fr\/en\/wp-json\/wp\/v2\/pages\/3006\/revisions"}],"predecessor-version":[{"id":3735,"href":"https:\/\/clapcatourne.fr\/en\/wp-json\/wp\/v2\/pages\/3006\/revisions\/3735"}],"wp:attachment":[{"href":"https:\/\/clapcatourne.fr\/en\/wp-json\/wp\/v2\/media?parent=3006"}],"curies":[{"name":"wp","href":"https:\/\/api.w.org\/{rel}","templated":true}]}}