{"id":3155,"date":"2021-10-22T15:39:28","date_gmt":"2021-10-22T14:39:28","guid":{"rendered":"https:\/\/clapcatourne.fr\/?page_id=3155"},"modified":"2026-04-07T08:15:33","modified_gmt":"2026-04-07T07:15:33","slug":"remerciements","status":"publish","type":"page","link":"https:\/\/clapcatourne.fr\/en\/remerciements\/","title":{"rendered":"Special thanks"},"content":{"rendered":"<p>Sans le soutien de nos pr\u00e9cieux donateurs, l&#8217;association <strong>CLAP ! \u00c7a Tourne ! <\/strong>n&#8217;existerait plus aujourd&#8217;hui. Ainsi, nous prenons un peu de notre temps et un peu de notre espace en ligne afin de leur adresser nos remerciements.<\/p>\n\n\n\n<figure class=\"wp-block-image size-full is-resized\"><a href=\"https:\/\/clapcatourne.fr\/wp-content\/uploads\/2021\/10\/pexels-photo-5529647.jpeg\"><img loading=\"lazy\" decoding=\"async\" width=\"975\" height=\"1300\" data-attachment-id=\"3156\" data-permalink=\"https:\/\/clapcatourne.fr\/en\/remerciements\/pexels-photo-5529647\/\" data-orig-file=\"https:\/\/clapcatourne.fr\/wp-content\/uploads\/2021\/10\/pexels-photo-5529647.jpeg\" data-orig-size=\"975,1300\" data-comments-opened=\"1\" data-image-meta=\"{&quot;aperture&quot;:&quot;0&quot;,&quot;credit&quot;:&quot;&quot;,&quot;camera&quot;:&quot;&quot;,&quot;caption&quot;:&quot;Photo by DEEP CHAND on &lt;a href=\\&quot;https:\/\/www.pexels.com\/photo\/person-holding-pink-and-white-flowers-5529647\/\\&quot; rel=\\&quot;nofollow\\&quot;&gt;Pexels.com&lt;\/a&gt;&quot;,&quot;created_timestamp&quot;:&quot;0&quot;,&quot;copyright&quot;:&quot;&quot;,&quot;focal_length&quot;:&quot;0&quot;,&quot;iso&quot;:&quot;0&quot;,&quot;shutter_speed&quot;:&quot;0&quot;,&quot;title&quot;:&quot;person holding pink and white flowers&quot;,&quot;orientation&quot;:&quot;0&quot;}\" data-image-title=\"pexels-photo-5529647\" data-image-description=\"\" data-image-caption=\"&lt;p&gt;Photo by DEEP CHAND on &lt;a href=&quot;https:\/\/www.pexels.com\/photo\/person-holding-pink-and-white-flowers-5529647\/&quot; rel=&quot;nofollow&quot;&gt;Pexels.com&lt;\/a&gt;&lt;\/p&gt;\" data-medium-file=\"https:\/\/clapcatourne.fr\/wp-content\/uploads\/2021\/10\/pexels-photo-5529647-225x300.jpeg\" data-large-file=\"https:\/\/clapcatourne.fr\/wp-content\/uploads\/2021\/10\/pexels-photo-5529647-768x1024.jpeg\" src=\"https:\/\/clapcatourne.fr\/wp-content\/uploads\/2021\/10\/pexels-photo-5529647.jpeg\" alt=\"person holding pink and white flowers\" class=\"wp-image-3156\" style=\"width:392px;height:auto\" srcset=\"https:\/\/clapcatourne.fr\/wp-content\/uploads\/2021\/10\/pexels-photo-5529647.jpeg 975w, https:\/\/clapcatourne.fr\/wp-content\/uploads\/2021\/10\/pexels-photo-5529647-225x300.jpeg 225w, https:\/\/clapcatourne.fr\/wp-content\/uploads\/2021\/10\/pexels-photo-5529647-768x1024.jpeg 768w\" sizes=\"auto, (max-width: 975px) 100vw, 975px\" \/><\/a><figcaption class=\"wp-element-caption\">Photo by DEEP CHAND on <a href=\"https:\/\/www.pexels.com\/photo\/person-holding-pink-and-white-flowers-5529647\/\" rel=\"nofollow\">Pexels.com<\/a><\/figcaption><\/figure>\n\n\n\n<h2 class=\"wp-block-heading\">Mention particuli\u00e8re \u00e0 nos donateurs.<\/h2>\n\n\n\n<p>L&#8217;association remercie mesdames <strong>GODIN<\/strong>, <strong>Viviane CL\u00c9MENT-GILLEN<\/strong>, <strong>Nathalie DUNTZE<\/strong>, <strong>La\u00ebtitia NYS<\/strong>, <strong>C\u00e9line DELILE<\/strong>, <strong>G\u00e9raldine FERNANDEZ<\/strong>, <strong>Catherine GILLET<\/strong>, <strong>Roxanne GOURVEZ<\/strong>, <strong>Sandrine BOUDOT<\/strong>, <strong>Laetitia TUPPIN<\/strong>, <strong>Arielle GILLEN<\/strong>, <strong>Sophie GABRIEL<\/strong>, <strong>Aude A\u00cfSSANI<\/strong>, <strong>Laurence PISSEMBON<\/strong>, ainsi qu&#8217;\u00e0 messieurs <strong>Alain TORD<\/strong>, <strong>James GRUNDY<\/strong>, <strong>Olivier TUPPIN<\/strong>, <strong>Xavier CL\u00c9MENT<\/strong>, <strong>Romuald ROUGEAUX<\/strong>, <strong>Olivier<\/strong> <strong>PISSEMBON<\/strong> qui nous ont permis de lancer nos deux premiers projets d\u00e8s 2015.<\/p>\n\n\n\n<h2 class=\"wp-block-heading\">Remerciements particuliers aux b\u00e9n\u00e9voles et aux membres.<\/h2>\n\n\n\n<p>Une association, ce sont aussi des b\u00e9n\u00e9voles, des membres, qui la font vivre d&#8217;ann\u00e9e en ann\u00e9e, sans eux non plus, l&#8217;association n&#8217;existerait plus. Ainsi, nous adressons nos remerciements \u00e0 :<\/p>\n\n\n\n<p>\u00c0 <strong>Axel SAINTE-ROSE<\/strong>, Vice-Pr\u00e9sident et membre depuis d\u00e9cembre 2014, \u00e0 <strong>Baptiste VUCHER<\/strong>, tr\u00e9sorier et membre de l&#8217;association de juin 2015 \u00e0 juin 2022, \u00e0 <strong>Xavier \u00c9TIENNE<\/strong>, membre de l&#8217;association de juin 2016 \u00e0 juin 2022.<\/p>\n\n\n\n<p>\u00c0 <strong>Daniel BASTIEN<\/strong>, Vice-Pr\u00e9sident et membre fondateur de l&#8217;association depuis 2014.<\/p>\n\n\n\n<p>\u00c0 <strong>Xavier LARATTE<\/strong>, membre de l&#8217;association depuis 2015.<\/p>\n\n\n\n<p>\u00c0 <strong>Am\u00e9thyste<\/strong>, secr\u00e9taire g\u00e9n\u00e9rale et membre de l&#8217;association depuis 2019, ainsi qu&#8217;\u00e0 <strong>Cl\u00e9ment AUTHELET<\/strong>, membre de l&#8217;association de septembre 2019 \u00e0 f\u00e9vrier 2022.<\/p>\n\n\n\n<p>\u00c0 <strong>Ga\u00efa PROPH\u00c8TE<\/strong>, membre de l&#8217;association depuis 2019.<\/p>\n\n\n\n<p>\u00c0 <strong>Lorys BELIN<\/strong>, membre de l&#8217;association depuis 2019.<\/p>\n\n\n\n<p>\u00c0 <strong>Paul JULIEN<\/strong>, membre de l&#8217;association depuis mai 2023.<\/p>\n\n\n\n<p>\u00c0 <strong>Hippolyte ROUSSON<\/strong>, membre de l&#8217;association depuis mai 2023.<\/p>\n\n\n\n<p>Ainsi qu&#8217;\u00e0 <strong>Boramy BOVE<\/strong>, membre de l&#8217;association depuis mai 2023.<\/p>\n\n\n\n<p><\/p>","protected":false},"excerpt":{"rendered":"<p>Sans le soutien de nos pr\u00e9cieux donateurs, l&#8217;association CLAP ! \u00c7a Tourne ! n&#8217;existerait plus aujourd&#8217;hui. Ainsi, nous prenons un peu de notre temps et un peu de notre espace en ligne afin de leur adresser nos remerciements. Mention particuli\u00e8re \u00e0 nos donateurs. L&#8217;association remercie mesdames GODIN, Viviane CL\u00c9MENT-GILLEN, Nathalie DUNTZE, La\u00ebtitia NYS, C\u00e9line DELILE, [&hellip;]<\/p>\n","protected":false},"author":2,"featured_media":0,"parent":0,"menu_order":0,"comment_status":"closed","ping_status":"closed","template":"","meta":{"jetpack_post_was_ever_published":false,"footnotes":""},"class_list":["post-3155","page","type-page","status-publish","hentry"],"yoast_head":"<!-- This site is optimized with the Yoast SEO plugin v27.1.1 - https:\/\/yoast.com\/product\/yoast-seo-wordpress\/ -->\n<title>Remerciements<\/title>\n<meta name=\"description\" content=\"Sans nos pr\u00e9cieux donateurs l&#039;association aurait d\u00e9j\u00e0 cess\u00e9 son activit\u00e9, ainsi, ici, nous leur dressons nos remerciements.\" \/>\n<meta name=\"robots\" content=\"noindex, follow\" \/>\n<meta property=\"og:locale\" content=\"en_US\" \/>\n<meta property=\"og:type\" content=\"article\" \/>\n<meta property=\"og:title\" content=\"Remerciements\" \/>\n<meta property=\"og:description\" content=\"Sans nos pr\u00e9cieux donateurs l&#039;association aurait d\u00e9j\u00e0 cess\u00e9 son activit\u00e9, ainsi, ici, nous leur dressons nos remerciements.\" \/>\n<meta property=\"og:url\" content=\"https:\/\/clapcatourne.fr\/en\/remerciements\/\" \/>\n<meta property=\"og:site_name\" content=\"CLAP ! \u00c7a Tourne !\" \/>\n<meta property=\"article:publisher\" content=\"https:\/\/www.facebook.com\/clapcatourne\" \/>\n<meta property=\"article:modified_time\" content=\"2026-04-07T07:15:33+00:00\" \/>\n<meta property=\"og:image\" content=\"https:\/\/clapcatourne.fr\/wp-content\/uploads\/2021\/10\/pexels-photo-5529647.jpeg\" \/>\n\t<meta property=\"og:image:width\" content=\"975\" \/>\n\t<meta property=\"og:image:height\" content=\"1300\" \/>\n\t<meta property=\"og:image:type\" content=\"image\/jpeg\" \/>\n<meta name=\"twitter:label1\" content=\"Est. reading time\" \/>\n\t<meta name=\"twitter:data1\" content=\"2 minutes\" \/>\n<script type=\"application\/ld+json\" class=\"yoast-schema-graph\">{\"@context\":\"https:\/\/schema.org\",\"@graph\":[{\"@type\":\"WebPage\",\"@id\":\"https:\/\/clapcatourne.fr\/remerciements\/\",\"url\":\"https:\/\/clapcatourne.fr\/remerciements\/\",\"name\":\"Remerciements\",\"isPartOf\":{\"@id\":\"https:\/\/clapcatourne.fr\/#website\"},\"primaryImageOfPage\":{\"@id\":\"https:\/\/clapcatourne.fr\/remerciements\/#primaryimage\"},\"image\":{\"@id\":\"https:\/\/clapcatourne.fr\/remerciements\/#primaryimage\"},\"thumbnailUrl\":\"https:\/\/clapcatourne.fr\/wp-content\/uploads\/2021\/10\/pexels-photo-5529647.jpeg\",\"datePublished\":\"2021-10-22T14:39:28+00:00\",\"dateModified\":\"2026-04-07T07:15:33+00:00\",\"description\":\"Sans nos pr\u00e9cieux donateurs l'association aurait d\u00e9j\u00e0 cess\u00e9 son activit\u00e9, ainsi, ici, nous leur dressons nos remerciements.\",\"breadcrumb\":{\"@id\":\"https:\/\/clapcatourne.fr\/remerciements\/#breadcrumb\"},\"inLanguage\":\"en-US\",\"potentialAction\":[{\"@type\":\"ReadAction\",\"target\":[\"https:\/\/clapcatourne.fr\/remerciements\/\"]}]},{\"@type\":\"ImageObject\",\"inLanguage\":\"en-US\",\"@id\":\"https:\/\/clapcatourne.fr\/remerciements\/#primaryimage\",\"url\":\"https:\/\/clapcatourne.fr\/wp-content\/uploads\/2021\/10\/pexels-photo-5529647.jpeg\",\"contentUrl\":\"https:\/\/clapcatourne.fr\/wp-content\/uploads\/2021\/10\/pexels-photo-5529647.jpeg\"},{\"@type\":\"BreadcrumbList\",\"@id\":\"https:\/\/clapcatourne.fr\/remerciements\/#breadcrumb\",\"itemListElement\":[{\"@type\":\"ListItem\",\"position\":1,\"name\":\"Accueil\",\"item\":\"https:\/\/clapcatourne.fr\/\"},{\"@type\":\"ListItem\",\"position\":2,\"name\":\"Remerciements\"}]},{\"@type\":\"WebSite\",\"@id\":\"https:\/\/clapcatourne.fr\/#website\",\"url\":\"https:\/\/clapcatourne.fr\/\",\"name\":\"CLAP ! \u00c7a Tourne !\",\"description\":\"Association loi 1901 \u2014\u00a0Organisme Sans But Lucratif\",\"publisher\":{\"@id\":\"https:\/\/clapcatourne.fr\/#organization\"},\"potentialAction\":[{\"@type\":\"SearchAction\",\"target\":{\"@type\":\"EntryPoint\",\"urlTemplate\":\"https:\/\/clapcatourne.fr\/?s={search_term_string}\"},\"query-input\":{\"@type\":\"PropertyValueSpecification\",\"valueRequired\":true,\"valueName\":\"search_term_string\"}}],\"inLanguage\":\"en-US\"},{\"@type\":\"Organization\",\"@id\":\"https:\/\/clapcatourne.fr\/#organization\",\"name\":\"CLAP ! \u00c7a Tourne !\",\"url\":\"https:\/\/clapcatourne.fr\/\",\"logo\":{\"@type\":\"ImageObject\",\"inLanguage\":\"en-US\",\"@id\":\"https:\/\/clapcatourne.fr\/#\/schema\/logo\/image\/\",\"url\":\"https:\/\/i1.wp.com\/clapcatourne.fr\/wp-content\/uploads\/2021\/05\/FULL-INTRO-CCT-2K22_00429.png?fit=1920%2C1080&ssl=1\",\"contentUrl\":\"https:\/\/i1.wp.com\/clapcatourne.fr\/wp-content\/uploads\/2021\/05\/FULL-INTRO-CCT-2K22_00429.png?fit=1920%2C1080&ssl=1\",\"width\":1920,\"height\":1080,\"caption\":\"CLAP ! \u00c7a Tourne !\"},\"image\":{\"@id\":\"https:\/\/clapcatourne.fr\/#\/schema\/logo\/image\/\"},\"sameAs\":[\"https:\/\/www.facebook.com\/clapcatourne\",\"https:\/\/x.com\/clapcatourne\",\"https:\/\/www.instagram.com\/clap.catourne\/\"]}]}<\/script>\n<!-- \/ Yoast SEO plugin. -->","yoast_head_json":{"title":"Special thanks","description":"Sans nos pr\u00e9cieux donateurs l'association aurait d\u00e9j\u00e0 cess\u00e9 son activit\u00e9, ainsi, ici, nous leur dressons nos remerciements.","robots":{"index":"noindex","follow":"follow"},"og_locale":"en_US","og_type":"article","og_title":"Remerciements","og_description":"Sans nos pr\u00e9cieux donateurs l'association aurait d\u00e9j\u00e0 cess\u00e9 son activit\u00e9, ainsi, ici, nous leur dressons nos remerciements.","og_url":"https:\/\/clapcatourne.fr\/en\/remerciements\/","og_site_name":"CLAP ! \u00c7a Tourne !","article_publisher":"https:\/\/www.facebook.com\/clapcatourne","article_modified_time":"2026-04-07T07:15:33+00:00","og_image":[{"width":975,"height":1300,"url":"https:\/\/clapcatourne.fr\/wp-content\/uploads\/2021\/10\/pexels-photo-5529647.jpeg","type":"image\/jpeg"}],"twitter_misc":{"Est. reading time":"2 minutes"},"schema":{"@context":"https:\/\/schema.org","@graph":[{"@type":"WebPage","@id":"https:\/\/clapcatourne.fr\/remerciements\/","url":"https:\/\/clapcatourne.fr\/remerciements\/","name":"Special thanks","isPartOf":{"@id":"https:\/\/clapcatourne.fr\/#website"},"primaryImageOfPage":{"@id":"https:\/\/clapcatourne.fr\/remerciements\/#primaryimage"},"image":{"@id":"https:\/\/clapcatourne.fr\/remerciements\/#primaryimage"},"thumbnailUrl":"https:\/\/clapcatourne.fr\/wp-content\/uploads\/2021\/10\/pexels-photo-5529647.jpeg","datePublished":"2021-10-22T14:39:28+00:00","dateModified":"2026-04-07T07:15:33+00:00","description":"Sans nos pr\u00e9cieux donateurs l'association aurait d\u00e9j\u00e0 cess\u00e9 son activit\u00e9, ainsi, ici, nous leur dressons nos remerciements.","breadcrumb":{"@id":"https:\/\/clapcatourne.fr\/remerciements\/#breadcrumb"},"inLanguage":"en-US","potentialAction":[{"@type":"ReadAction","target":["https:\/\/clapcatourne.fr\/remerciements\/"]}]},{"@type":"ImageObject","inLanguage":"en-US","@id":"https:\/\/clapcatourne.fr\/remerciements\/#primaryimage","url":"https:\/\/clapcatourne.fr\/wp-content\/uploads\/2021\/10\/pexels-photo-5529647.jpeg","contentUrl":"https:\/\/clapcatourne.fr\/wp-content\/uploads\/2021\/10\/pexels-photo-5529647.jpeg"},{"@type":"BreadcrumbList","@id":"https:\/\/clapcatourne.fr\/remerciements\/#breadcrumb","itemListElement":[{"@type":"ListItem","position":1,"name":"Accueil","item":"https:\/\/clapcatourne.fr\/"},{"@type":"ListItem","position":2,"name":"Remerciements"}]},{"@type":"WebSite","@id":"https:\/\/clapcatourne.fr\/#website","url":"https:\/\/clapcatourne.fr\/","name":"CLAP ! \u00c7a Tourne !","description":"Non-Profit Organization Under the 1901 Law","publisher":{"@id":"https:\/\/clapcatourne.fr\/#organization"},"potentialAction":[{"@type":"SearchAction","target":{"@type":"EntryPoint","urlTemplate":"https:\/\/clapcatourne.fr\/?s={search_term_string}"},"query-input":{"@type":"PropertyValueSpecification","valueRequired":true,"valueName":"search_term_string"}}],"inLanguage":"en-US"},{"@type":"Organization","@id":"https:\/\/clapcatourne.fr\/#organization","name":"CLAP ! \u00c7a Tourne !","url":"https:\/\/clapcatourne.fr\/","logo":{"@type":"ImageObject","inLanguage":"en-US","@id":"https:\/\/clapcatourne.fr\/#\/schema\/logo\/image\/","url":"https:\/\/i1.wp.com\/clapcatourne.fr\/wp-content\/uploads\/2021\/05\/FULL-INTRO-CCT-2K22_00429.png?fit=1920%2C1080&ssl=1","contentUrl":"https:\/\/i1.wp.com\/clapcatourne.fr\/wp-content\/uploads\/2021\/05\/FULL-INTRO-CCT-2K22_00429.png?fit=1920%2C1080&ssl=1","width":1920,"height":1080,"caption":"CLAP ! \u00c7a Tourne !"},"image":{"@id":"https:\/\/clapcatourne.fr\/#\/schema\/logo\/image\/"},"sameAs":["https:\/\/www.facebook.com\/clapcatourne","https:\/\/x.com\/clapcatourne","https:\/\/www.instagram.com\/clap.catourne\/"]}]}},"jetpack_shortlink":"https:\/\/wp.me\/P5abLJ-OT","jetpack_sharing_enabled":true,"_links":{"self":[{"href":"https:\/\/clapcatourne.fr\/en\/wp-json\/wp\/v2\/pages\/3155","targetHints":{"allow":["GET"]}}],"collection":[{"href":"https:\/\/clapcatourne.fr\/en\/wp-json\/wp\/v2\/pages"}],"about":[{"href":"https:\/\/clapcatourne.fr\/en\/wp-json\/wp\/v2\/types\/page"}],"author":[{"embeddable":true,"href":"https:\/\/clapcatourne.fr\/en\/wp-json\/wp\/v2\/users\/2"}],"replies":[{"embeddable":true,"href":"https:\/\/clapcatourne.fr\/en\/wp-json\/wp\/v2\/comments?post=3155"}],"version-history":[{"count":4,"href":"https:\/\/clapcatourne.fr\/en\/wp-json\/wp\/v2\/pages\/3155\/revisions"}],"predecessor-version":[{"id":3691,"href":"https:\/\/clapcatourne.fr\/en\/wp-json\/wp\/v2\/pages\/3155\/revisions\/3691"}],"wp:attachment":[{"href":"https:\/\/clapcatourne.fr\/en\/wp-json\/wp\/v2\/media?parent=3155"}],"curies":[{"name":"wp","href":"https:\/\/api.w.org\/{rel}","templated":true}]}}