{"id":741,"date":"2020-03-17T23:41:11","date_gmt":"2020-03-17T22:41:11","guid":{"rendered":"https:\/\/clapcatourne.fr\/?page_id=741"},"modified":"2026-04-07T09:32:19","modified_gmt":"2026-04-07T08:32:19","slug":"nous-soutenir","status":"publish","type":"page","link":"https:\/\/clapcatourne.fr\/en\/nous-soutenir\/","title":{"rendered":"Want to donate?"},"content":{"rendered":"<p>Since 2014, when the association was founded, we have been carrying out increasingly ambitious projects with ever-more-limited financial resources, which is why we are asking you to <strong>support us,<\/strong>. Us, as well as,<strong>all of our projects<\/strong>.<\/p>\n\n\n\n<h2 class=\"wp-block-heading\">How?<\/h2>\n\n\n\n<p>With HelloAsso, you can support the organization <strong>CLAP ! \u00c7a Tourne !<\/strong> with no hidden fees. Of course, you can also make a contribution to HelloAsso to help fund their platform.<\/p>\n\n\n\n<h2 class=\"wp-block-heading\">Why should I <em>help<\/em> you?<\/h2>\n\n\n\n<figure class=\"wp-block-image size-large\"><a href=\"https:\/\/clapcatourne.fr\/wp-content\/uploads\/2020\/09\/138.jpg\"><img loading=\"lazy\" decoding=\"async\" width=\"1024\" height=\"683\" data-attachment-id=\"1352\" data-permalink=\"https:\/\/clapcatourne.fr\/en\/138\/\" data-orig-file=\"https:\/\/clapcatourne.fr\/wp-content\/uploads\/2020\/09\/138.jpg\" data-orig-size=\"1080,720\" data-comments-opened=\"1\" data-image-meta=\"{&quot;aperture&quot;:&quot;0&quot;,&quot;credit&quot;:&quot;&quot;,&quot;camera&quot;:&quot;&quot;,&quot;caption&quot;:&quot;&quot;,&quot;created_timestamp&quot;:&quot;0&quot;,&quot;copyright&quot;:&quot;&quot;,&quot;focal_length&quot;:&quot;0&quot;,&quot;iso&quot;:&quot;0&quot;,&quot;shutter_speed&quot;:&quot;0&quot;,&quot;title&quot;:&quot;&quot;,&quot;orientation&quot;:&quot;0&quot;}\" data-image-title=\"ENCLAVE : Les Gamins d&amp;#8217;ADES (Behind The Scene, 09\/2019 n\u00b0138)\" data-image-description=\"&lt;p&gt;Matteo PINOS (\u00e0 droite), Paul AGAT, Andy PERRIER, L\u00e9o AGAT&lt;\/p&gt;\" data-image-caption=\"&lt;p&gt;Matteo PINOS (\u00e0 droite), Paul AGAT, Andy PERRIER, L\u00e9o AGAT&lt;\/p&gt;\" data-medium-file=\"https:\/\/clapcatourne.fr\/wp-content\/uploads\/2020\/09\/138-300x200.jpg\" data-large-file=\"https:\/\/clapcatourne.fr\/wp-content\/uploads\/2020\/09\/138-1024x683.jpg\" src=\"https:\/\/clapcatourne.fr\/wp-content\/uploads\/2020\/09\/138-1024x683.jpg\" alt=\"ENCLAVE : Les Gamins d'ADES (Behind The Scene, 09\/2019 n\u00b0138) - Nous soutenir\" class=\"wp-image-1352\" srcset=\"https:\/\/clapcatourne.fr\/wp-content\/uploads\/2020\/09\/138-1024x683.jpg 1024w, https:\/\/clapcatourne.fr\/wp-content\/uploads\/2020\/09\/138-300x200.jpg 300w, https:\/\/clapcatourne.fr\/wp-content\/uploads\/2020\/09\/138-768x512.jpg 768w, https:\/\/clapcatourne.fr\/wp-content\/uploads\/2020\/09\/138.jpg 1080w\" sizes=\"auto, (max-width: 1024px) 100vw, 1024px\" \/><\/a><figcaption class=\"wp-element-caption\">Promotional poster for the \u201cENCLAVE\u201d project; makeup for the filming of a scene.<\/figcaption><\/figure>\n\n\n\n<h3 class=\"wp-block-heading\">An independent group with no money.<\/h3>\n\n\n\n<p>We are an independent collective. We do not receive public funding, so we are forced to self-finance our projects as well as the association\u2019s operating expenses. This system quickly reaches its limits, and yet our collective is essential. It is through our collective that we are able to create our ambitious projects, which otherwise would never see the light of day.<\/p>\n\n\n\n<h3 class=\"wp-block-heading\">From the filming\u2026<\/h3>\n\n\n\n<p>Filming costs a fortune. Setting aside salaries\u2014since most of the time we manage to film on a volunteer basis\u2014we still need to scrape together at least a little <em>nest egg<\/em> for costumes, makeup, sets, transportation, and food.<\/p>\n\n\n\n<p>Our advantage\u2014or rather, our strength\u2014is our inventory of semi-professional equipment, which allows us to keep costs down from one project to the next. Even though this equipment is made available to the association and, by extension, its members, it still requires maintenance\u2026<\/p>\n\n\n\n<figure class=\"wp-block-image size-large\"><a href=\"https:\/\/clapcatourne.fr\/wp-content\/uploads\/2017\/08\/refuge-s2-bts-post-prod.jpg\"><img loading=\"lazy\" decoding=\"async\" width=\"1024\" height=\"683\" data-attachment-id=\"300\" data-permalink=\"https:\/\/clapcatourne.fr\/en\/refuge-s2-bts-post-prod\/\" data-orig-file=\"https:\/\/clapcatourne.fr\/wp-content\/uploads\/2017\/08\/refuge-s2-bts-post-prod.jpg\" data-orig-size=\"1080,720\" data-comments-opened=\"1\" data-image-meta=\"{&quot;aperture&quot;:&quot;0&quot;,&quot;credit&quot;:&quot;&quot;,&quot;camera&quot;:&quot;&quot;,&quot;caption&quot;:&quot;&quot;,&quot;created_timestamp&quot;:&quot;0&quot;,&quot;copyright&quot;:&quot;&quot;,&quot;focal_length&quot;:&quot;0&quot;,&quot;iso&quot;:&quot;0&quot;,&quot;shutter_speed&quot;:&quot;0&quot;,&quot;title&quot;:&quot;&quot;,&quot;orientation&quot;:&quot;0&quot;}\" data-image-title=\"REFUGE en Post-Production sous FCP\" data-image-description=\"\" data-image-caption=\"&lt;p&gt;\u00a9 10 2016&lt;\/p&gt;\" data-medium-file=\"https:\/\/clapcatourne.fr\/wp-content\/uploads\/2017\/08\/refuge-s2-bts-post-prod-300x200.jpg\" data-large-file=\"https:\/\/clapcatourne.fr\/wp-content\/uploads\/2017\/08\/refuge-s2-bts-post-prod-1024x683.jpg\" src=\"https:\/\/clapcatourne.fr\/wp-content\/uploads\/2017\/08\/refuge-s2-bts-post-prod-1024x683.jpg\" alt=\"\u00a9 Post-production d'un ancien projet : &quot;REFUGE&quot;, annul\u00e9. 10\/2016 - Nous soutenir\" class=\"wp-image-300\" srcset=\"https:\/\/clapcatourne.fr\/wp-content\/uploads\/2017\/08\/refuge-s2-bts-post-prod-1024x683.jpg 1024w, https:\/\/clapcatourne.fr\/wp-content\/uploads\/2017\/08\/refuge-s2-bts-post-prod-300x200.jpg 300w, https:\/\/clapcatourne.fr\/wp-content\/uploads\/2017\/08\/refuge-s2-bts-post-prod-768x512.jpg 768w, https:\/\/clapcatourne.fr\/wp-content\/uploads\/2017\/08\/refuge-s2-bts-post-prod.jpg 1080w\" sizes=\"auto, (max-width: 1024px) 100vw, 1024px\" \/><\/a><figcaption class=\"wp-element-caption\">\u00a9 Post-production of a previous project: \u201cREFUGE,\u201d which was canceled. October 2016<\/figcaption><\/figure>\n\n\n\n<h3 class=\"wp-block-heading\">To post-production\u2026<\/h3>\n\n\n\n<p>The <strong>postproduction<\/strong> also incurs costs: we have to pay <strong>licensing fees<\/strong> for <strong>music<\/strong> or for <strong>the recording of the original soundtrack,<\/strong>the cost(s) of <strong>special effects<\/strong> <em>especially when we were using effects derived from <strong>effects bank<\/strong><\/em>, but also when we made them ourselves and needed either <strong>high-performance machines<\/strong> (hosted in the <em>Cloud)<\/em>for renderings, or even for <strong>software licenses<\/strong> that enable us to create our special effects. We also have to consider the cost of the hard drives for our servers, which store our 12 terabytes of raw footage\u2026<\/p>\n\n\n\n<h3 class=\"wp-block-heading\">Including distribution\u2026<\/h3>\n\n\n\n<p>Then, once the film is finished, we have to submit it to festivals, where the costs can quickly skyrocket from <strong>\u20ac4<\/strong> <strong>over \u20ac100<\/strong>. <\/p>\n\n\n\n<p>We must ensure that <strong>communication<\/strong> about our films <em>which always comes at a cost<\/em>, and then organize events that enable our projects to <strong>to get known<\/strong> and <strong>to be seen<\/strong>.<\/p>\n\n\n\n<p>Not to mention the legal requirements\u2014which are mandatory for theatrical films: exhibition license, ISAN number.<\/p>\n\n\n\n<figure class=\"wp-block-image size-large\"><a href=\"https:\/\/clapcatourne.fr\/wp-content\/uploads\/2021\/05\/VAL_PROM_03.png\"><img loading=\"lazy\" decoding=\"async\" width=\"1024\" height=\"576\" data-attachment-id=\"2910\" data-permalink=\"https:\/\/clapcatourne.fr\/en\/val_prom_03\/\" data-orig-file=\"https:\/\/clapcatourne.fr\/wp-content\/uploads\/2021\/05\/VAL_PROM_03.png\" data-orig-size=\"1920,1080\" data-comments-opened=\"1\" data-image-meta=\"{&quot;aperture&quot;:&quot;0&quot;,&quot;credit&quot;:&quot;&quot;,&quot;camera&quot;:&quot;&quot;,&quot;caption&quot;:&quot;&quot;,&quot;created_timestamp&quot;:&quot;0&quot;,&quot;copyright&quot;:&quot;&quot;,&quot;focal_length&quot;:&quot;0&quot;,&quot;iso&quot;:&quot;0&quot;,&quot;shutter_speed&quot;:&quot;0&quot;,&quot;title&quot;:&quot;&quot;,&quot;orientation&quot;:&quot;0&quot;}\" data-image-title=\"Affiche promotionnelle, rectangle, &amp;#8220;Valentin&amp;#8221; &amp;#8211; 2K20\" data-image-description=\"&lt;p&gt;Affiche promotionnelle, rectangle, &amp;#8220;Valentin&amp;#8221; &amp;#8211; 2K20&lt;\/p&gt;\" data-image-caption=\"&lt;p&gt;Affiche promotionnelle, rectangle, &amp;#8220;Valentin&amp;#8221; &amp;#8211; 2K20&lt;\/p&gt;\" data-medium-file=\"https:\/\/clapcatourne.fr\/wp-content\/uploads\/2021\/05\/VAL_PROM_03-300x169.png\" data-large-file=\"https:\/\/clapcatourne.fr\/wp-content\/uploads\/2021\/05\/VAL_PROM_03-1024x576.png\" src=\"https:\/\/clapcatourne.fr\/wp-content\/uploads\/2021\/05\/VAL_PROM_03-1024x576.png\" alt=\"Affiche promotionnelle, rectangle, &quot;Valentin&quot; - 2K20\" class=\"wp-image-2910\" srcset=\"https:\/\/clapcatourne.fr\/wp-content\/uploads\/2021\/05\/VAL_PROM_03-1024x576.png 1024w, https:\/\/clapcatourne.fr\/wp-content\/uploads\/2021\/05\/VAL_PROM_03-300x169.png 300w, https:\/\/clapcatourne.fr\/wp-content\/uploads\/2021\/05\/VAL_PROM_03-768x432.png 768w, https:\/\/clapcatourne.fr\/wp-content\/uploads\/2021\/05\/VAL_PROM_03-1536x864.png 1536w, https:\/\/clapcatourne.fr\/wp-content\/uploads\/2021\/05\/VAL_PROM_03-1110x624.png 1110w, https:\/\/clapcatourne.fr\/wp-content\/uploads\/2021\/05\/VAL_PROM_03-528x297.png 528w, https:\/\/clapcatourne.fr\/wp-content\/uploads\/2021\/05\/VAL_PROM_03.png 1920w\" sizes=\"auto, (max-width: 1024px) 100vw, 1024px\" \/><\/a><figcaption class=\"wp-element-caption\">Promotional poster, \u201cValentin\u201d \u2013 2020<\/figcaption><\/figure>\n\n\n\n<h3 class=\"wp-block-heading\">In short.<\/h3>\n\n\n\n<p>We remain committed to making films. Despite our limited resources and the challenges we face. The organization has been active for the past twelve years, and we are well aware that at present: <em>It\u2019s tough on everyone<\/em>.<\/p>\n\n\n\n<p>We\u2019re not asking for much\u2014a small donation from you means a lot to us. It allows us to redirect our funds toward our projects rather than toward our operating costs.<\/p>\n\n\n\n<figure class=\"wp-block-image size-large\"><a href=\"https:\/\/clapcatourne.fr\/wp-content\/uploads\/2026\/04\/sangpoursang_still_tablepreparation-1.png\"><img loading=\"lazy\" decoding=\"async\" width=\"1024\" height=\"532\" data-attachment-id=\"3668\" data-permalink=\"https:\/\/clapcatourne.fr\/en\/sangpoursang_still_tablepreparation-2\/\" data-orig-file=\"https:\/\/clapcatourne.fr\/wp-content\/uploads\/2026\/04\/sangpoursang_still_tablepreparation-1.png\" data-orig-size=\"2080,1080\" data-comments-opened=\"0\" data-image-meta=\"{&quot;aperture&quot;:&quot;0&quot;,&quot;credit&quot;:&quot;&quot;,&quot;camera&quot;:&quot;&quot;,&quot;caption&quot;:&quot;&quot;,&quot;created_timestamp&quot;:&quot;0&quot;,&quot;copyright&quot;:&quot;&quot;,&quot;focal_length&quot;:&quot;0&quot;,&quot;iso&quot;:&quot;0&quot;,&quot;shutter_speed&quot;:&quot;0&quot;,&quot;title&quot;:&quot;&quot;,&quot;orientation&quot;:&quot;0&quot;}\" data-image-title=\"SANG POUR SANG, table de pr\u00e9paration (Stills du film)\" data-image-description=\"&lt;p&gt;Dans la p\u00e9nombre, une table \u00e9clair\u00e9e par des bougies. Une main gant\u00e9e peint un masque \u00e0 la lueur de la bougie.&lt;\/p&gt;\" data-image-caption=\"\" data-medium-file=\"https:\/\/clapcatourne.fr\/wp-content\/uploads\/2026\/04\/sangpoursang_still_tablepreparation-1-300x156.png\" data-large-file=\"https:\/\/clapcatourne.fr\/wp-content\/uploads\/2026\/04\/sangpoursang_still_tablepreparation-1-1024x532.png\" src=\"https:\/\/clapcatourne.fr\/wp-content\/uploads\/2026\/04\/sangpoursang_still_tablepreparation-1-1024x532.png\" alt=\"SANG POUR SANG, table de pr\u00e9paration (Stills du film)\" class=\"wp-image-3668\" srcset=\"https:\/\/clapcatourne.fr\/wp-content\/uploads\/2026\/04\/sangpoursang_still_tablepreparation-1-1024x532.png 1024w, https:\/\/clapcatourne.fr\/wp-content\/uploads\/2026\/04\/sangpoursang_still_tablepreparation-1-300x156.png 300w, https:\/\/clapcatourne.fr\/wp-content\/uploads\/2026\/04\/sangpoursang_still_tablepreparation-1-768x399.png 768w, https:\/\/clapcatourne.fr\/wp-content\/uploads\/2026\/04\/sangpoursang_still_tablepreparation-1-1536x798.png 1536w, https:\/\/clapcatourne.fr\/wp-content\/uploads\/2026\/04\/sangpoursang_still_tablepreparation-1-2048x1063.png 2048w, https:\/\/clapcatourne.fr\/wp-content\/uploads\/2026\/04\/sangpoursang_still_tablepreparation-1-18x9.png 18w\" sizes=\"auto, (max-width: 1024px) 100vw, 1024px\" \/><\/a><\/figure>\n\n\n\n<h3 class=\"wp-block-heading\">What about accountability?<\/h3>\n\n\n\n<p>Asking for money is easy. You\u2019re probably wondering what we do with it, aren\u2019t you?<\/p>\n\n\n\n<p>At <strong>CLAP ! \u00c7a Tourne !<\/strong> Our philosophy is transparency. Your contributions allow us to continue our work, so you can find our general reports right here on this page.<\/p>","protected":false},"excerpt":{"rendered":"<p>Depuis 2014, date de la fondation de l\u2019association, nous r\u00e9alisons nos projets toujours plus ambitieux avec des moyens financiers toujours plus limit\u00e9s et c&#8217;est pour cela que nous vous demandons de nous soutenir. Nous, ainsi que l&#8217;ensemble de nos projets. Comment ? Gr\u00e2ce \u00e0 HelloAsso, vous pouvez soutenir l&#8217;association CLAP ! \u00c7a Tourne ! sans [&hellip;]<\/p>\n","protected":false},"author":2,"featured_media":0,"parent":0,"menu_order":0,"comment_status":"closed","ping_status":"closed","template":"","meta":{"jetpack_post_was_ever_published":false,"footnotes":""},"class_list":["post-741","page","type-page","status-publish","hentry"],"yoast_head":"<!-- This site is optimized with the Yoast SEO plugin v27.1.1 - https:\/\/yoast.com\/product\/yoast-seo-wordpress\/ -->\n<title>Nous soutenir<\/title>\n<meta name=\"description\" content=\"Notre association a besoin de votre aide pour maintenir ses activit\u00e9s, si vous souhaitez nous soutenir ou en savoir plus sur nous, c&#039;est ici.\" \/>\n<meta name=\"robots\" content=\"noindex, follow\" \/>\n<meta property=\"og:locale\" content=\"en_US\" \/>\n<meta property=\"og:type\" content=\"article\" \/>\n<meta property=\"og:title\" content=\"Nous soutenir\" \/>\n<meta property=\"og:description\" content=\"Notre association a besoin de votre aide pour maintenir ses activit\u00e9s, si vous souhaitez nous soutenir ou en savoir plus sur nous, c&#039;est ici.\" \/>\n<meta property=\"og:url\" content=\"https:\/\/clapcatourne.fr\/en\/nous-soutenir\/\" \/>\n<meta property=\"og:site_name\" content=\"CLAP ! \u00c7a Tourne !\" \/>\n<meta property=\"article:publisher\" content=\"https:\/\/www.facebook.com\/clapcatourne\" \/>\n<meta property=\"article:modified_time\" content=\"2026-04-07T08:32:19+00:00\" \/>\n<meta property=\"og:image\" content=\"https:\/\/clapcatourne.fr\/wp-content\/uploads\/2020\/09\/138.jpg\" \/>\n\t<meta property=\"og:image:width\" content=\"1080\" \/>\n\t<meta property=\"og:image:height\" content=\"720\" \/>\n\t<meta property=\"og:image:type\" content=\"image\/jpeg\" \/>\n<meta name=\"twitter:label1\" content=\"Est. reading time\" \/>\n\t<meta name=\"twitter:data1\" content=\"4 minutes\" \/>\n<script type=\"application\/ld+json\" class=\"yoast-schema-graph\">{\"@context\":\"https:\/\/schema.org\",\"@graph\":[{\"@type\":\"WebPage\",\"@id\":\"https:\/\/clapcatourne.fr\/nous-soutenir\/\",\"url\":\"https:\/\/clapcatourne.fr\/nous-soutenir\/\",\"name\":\"Nous soutenir\",\"isPartOf\":{\"@id\":\"https:\/\/clapcatourne.fr\/#website\"},\"primaryImageOfPage\":{\"@id\":\"https:\/\/clapcatourne.fr\/nous-soutenir\/#primaryimage\"},\"image\":{\"@id\":\"https:\/\/clapcatourne.fr\/nous-soutenir\/#primaryimage\"},\"thumbnailUrl\":\"https:\/\/clapcatourne.fr\/wp-content\/uploads\/2020\/09\/138-1024x683.jpg\",\"datePublished\":\"2020-03-17T22:41:11+00:00\",\"dateModified\":\"2026-04-07T08:32:19+00:00\",\"description\":\"Notre association a besoin de votre aide pour maintenir ses activit\u00e9s, si vous souhaitez nous soutenir ou en savoir plus sur nous, c'est ici.\",\"breadcrumb\":{\"@id\":\"https:\/\/clapcatourne.fr\/nous-soutenir\/#breadcrumb\"},\"inLanguage\":\"en-US\",\"potentialAction\":[{\"@type\":\"ReadAction\",\"target\":[\"https:\/\/clapcatourne.fr\/nous-soutenir\/\"]}]},{\"@type\":\"ImageObject\",\"inLanguage\":\"en-US\",\"@id\":\"https:\/\/clapcatourne.fr\/nous-soutenir\/#primaryimage\",\"url\":\"https:\/\/clapcatourne.fr\/wp-content\/uploads\/2020\/09\/138-1024x683.jpg\",\"contentUrl\":\"https:\/\/clapcatourne.fr\/wp-content\/uploads\/2020\/09\/138-1024x683.jpg\"},{\"@type\":\"BreadcrumbList\",\"@id\":\"https:\/\/clapcatourne.fr\/nous-soutenir\/#breadcrumb\",\"itemListElement\":[{\"@type\":\"ListItem\",\"position\":1,\"name\":\"Accueil\",\"item\":\"https:\/\/clapcatourne.fr\/\"},{\"@type\":\"ListItem\",\"position\":2,\"name\":\"Nous soutenir\"}]},{\"@type\":\"WebSite\",\"@id\":\"https:\/\/clapcatourne.fr\/#website\",\"url\":\"https:\/\/clapcatourne.fr\/\",\"name\":\"CLAP ! \u00c7a Tourne !\",\"description\":\"Association loi 1901 \u2014\u00a0Organisme Sans But Lucratif\",\"publisher\":{\"@id\":\"https:\/\/clapcatourne.fr\/#organization\"},\"potentialAction\":[{\"@type\":\"SearchAction\",\"target\":{\"@type\":\"EntryPoint\",\"urlTemplate\":\"https:\/\/clapcatourne.fr\/?s={search_term_string}\"},\"query-input\":{\"@type\":\"PropertyValueSpecification\",\"valueRequired\":true,\"valueName\":\"search_term_string\"}}],\"inLanguage\":\"en-US\"},{\"@type\":\"Organization\",\"@id\":\"https:\/\/clapcatourne.fr\/#organization\",\"name\":\"CLAP ! \u00c7a Tourne !\",\"url\":\"https:\/\/clapcatourne.fr\/\",\"logo\":{\"@type\":\"ImageObject\",\"inLanguage\":\"en-US\",\"@id\":\"https:\/\/clapcatourne.fr\/#\/schema\/logo\/image\/\",\"url\":\"https:\/\/i1.wp.com\/clapcatourne.fr\/wp-content\/uploads\/2021\/05\/FULL-INTRO-CCT-2K22_00429.png?fit=1920%2C1080&ssl=1\",\"contentUrl\":\"https:\/\/i1.wp.com\/clapcatourne.fr\/wp-content\/uploads\/2021\/05\/FULL-INTRO-CCT-2K22_00429.png?fit=1920%2C1080&ssl=1\",\"width\":1920,\"height\":1080,\"caption\":\"CLAP ! \u00c7a Tourne !\"},\"image\":{\"@id\":\"https:\/\/clapcatourne.fr\/#\/schema\/logo\/image\/\"},\"sameAs\":[\"https:\/\/www.facebook.com\/clapcatourne\",\"https:\/\/x.com\/clapcatourne\",\"https:\/\/www.instagram.com\/clap.catourne\/\"]}]}<\/script>\n<!-- \/ Yoast SEO plugin. -->","yoast_head_json":{"title":"Want to donate?","description":"Notre association a besoin de votre aide pour maintenir ses activit\u00e9s, si vous souhaitez nous soutenir ou en savoir plus sur nous, c'est ici.","robots":{"index":"noindex","follow":"follow"},"og_locale":"en_US","og_type":"article","og_title":"Nous soutenir","og_description":"Notre association a besoin de votre aide pour maintenir ses activit\u00e9s, si vous souhaitez nous soutenir ou en savoir plus sur nous, c'est ici.","og_url":"https:\/\/clapcatourne.fr\/en\/nous-soutenir\/","og_site_name":"CLAP ! \u00c7a Tourne !","article_publisher":"https:\/\/www.facebook.com\/clapcatourne","article_modified_time":"2026-04-07T08:32:19+00:00","og_image":[{"width":1080,"height":720,"url":"https:\/\/clapcatourne.fr\/wp-content\/uploads\/2020\/09\/138.jpg","type":"image\/jpeg"}],"twitter_misc":{"Est. reading time":"4 minutes"},"schema":{"@context":"https:\/\/schema.org","@graph":[{"@type":"WebPage","@id":"https:\/\/clapcatourne.fr\/nous-soutenir\/","url":"https:\/\/clapcatourne.fr\/nous-soutenir\/","name":"Want to donate?","isPartOf":{"@id":"https:\/\/clapcatourne.fr\/#website"},"primaryImageOfPage":{"@id":"https:\/\/clapcatourne.fr\/nous-soutenir\/#primaryimage"},"image":{"@id":"https:\/\/clapcatourne.fr\/nous-soutenir\/#primaryimage"},"thumbnailUrl":"https:\/\/clapcatourne.fr\/wp-content\/uploads\/2020\/09\/138-1024x683.jpg","datePublished":"2020-03-17T22:41:11+00:00","dateModified":"2026-04-07T08:32:19+00:00","description":"Notre association a besoin de votre aide pour maintenir ses activit\u00e9s, si vous souhaitez nous soutenir ou en savoir plus sur nous, c'est ici.","breadcrumb":{"@id":"https:\/\/clapcatourne.fr\/nous-soutenir\/#breadcrumb"},"inLanguage":"en-US","potentialAction":[{"@type":"ReadAction","target":["https:\/\/clapcatourne.fr\/nous-soutenir\/"]}]},{"@type":"ImageObject","inLanguage":"en-US","@id":"https:\/\/clapcatourne.fr\/nous-soutenir\/#primaryimage","url":"https:\/\/clapcatourne.fr\/wp-content\/uploads\/2020\/09\/138-1024x683.jpg","contentUrl":"https:\/\/clapcatourne.fr\/wp-content\/uploads\/2020\/09\/138-1024x683.jpg"},{"@type":"BreadcrumbList","@id":"https:\/\/clapcatourne.fr\/nous-soutenir\/#breadcrumb","itemListElement":[{"@type":"ListItem","position":1,"name":"Accueil","item":"https:\/\/clapcatourne.fr\/"},{"@type":"ListItem","position":2,"name":"Nous soutenir"}]},{"@type":"WebSite","@id":"https:\/\/clapcatourne.fr\/#website","url":"https:\/\/clapcatourne.fr\/","name":"CLAP ! \u00c7a Tourne !","description":"Non-Profit Organization Under the 1901 Law","publisher":{"@id":"https:\/\/clapcatourne.fr\/#organization"},"potentialAction":[{"@type":"SearchAction","target":{"@type":"EntryPoint","urlTemplate":"https:\/\/clapcatourne.fr\/?s={search_term_string}"},"query-input":{"@type":"PropertyValueSpecification","valueRequired":true,"valueName":"search_term_string"}}],"inLanguage":"en-US"},{"@type":"Organization","@id":"https:\/\/clapcatourne.fr\/#organization","name":"CLAP ! \u00c7a Tourne !","url":"https:\/\/clapcatourne.fr\/","logo":{"@type":"ImageObject","inLanguage":"en-US","@id":"https:\/\/clapcatourne.fr\/#\/schema\/logo\/image\/","url":"https:\/\/i1.wp.com\/clapcatourne.fr\/wp-content\/uploads\/2021\/05\/FULL-INTRO-CCT-2K22_00429.png?fit=1920%2C1080&ssl=1","contentUrl":"https:\/\/i1.wp.com\/clapcatourne.fr\/wp-content\/uploads\/2021\/05\/FULL-INTRO-CCT-2K22_00429.png?fit=1920%2C1080&ssl=1","width":1920,"height":1080,"caption":"CLAP ! \u00c7a Tourne !"},"image":{"@id":"https:\/\/clapcatourne.fr\/#\/schema\/logo\/image\/"},"sameAs":["https:\/\/www.facebook.com\/clapcatourne","https:\/\/x.com\/clapcatourne","https:\/\/www.instagram.com\/clap.catourne\/"]}]}},"jetpack_shortlink":"https:\/\/wp.me\/P5abLJ-bX","jetpack_sharing_enabled":true,"_links":{"self":[{"href":"https:\/\/clapcatourne.fr\/en\/wp-json\/wp\/v2\/pages\/741","targetHints":{"allow":["GET"]}}],"collection":[{"href":"https:\/\/clapcatourne.fr\/en\/wp-json\/wp\/v2\/pages"}],"about":[{"href":"https:\/\/clapcatourne.fr\/en\/wp-json\/wp\/v2\/types\/page"}],"author":[{"embeddable":true,"href":"https:\/\/clapcatourne.fr\/en\/wp-json\/wp\/v2\/users\/2"}],"replies":[{"embeddable":true,"href":"https:\/\/clapcatourne.fr\/en\/wp-json\/wp\/v2\/comments?post=741"}],"version-history":[{"count":4,"href":"https:\/\/clapcatourne.fr\/en\/wp-json\/wp\/v2\/pages\/741\/revisions"}],"predecessor-version":[{"id":3708,"href":"https:\/\/clapcatourne.fr\/en\/wp-json\/wp\/v2\/pages\/741\/revisions\/3708"}],"wp:attachment":[{"href":"https:\/\/clapcatourne.fr\/en\/wp-json\/wp\/v2\/media?parent=741"}],"curies":[{"name":"wp","href":"https:\/\/api.w.org\/{rel}","templated":true}]}}